{"id":4021,"date":"2022-04-06T09:51:58","date_gmt":"2022-04-06T07:51:58","guid":{"rendered":"https:\/\/hjorthsbadehotel.dk\/yoga-at-hjorths\/"},"modified":"2022-07-05T11:57:29","modified_gmt":"2022-07-05T09:57:29","slug":"yoga-at-hjorths","status":"publish","type":"page","link":"https:\/\/hjorthsbadehotel.dk\/en\/yoga-at-hjorths\/","title":{"rendered":"Yoga at HJORTHs"},"content":{"rendered":"<div class=\"wpb-content-wrapper\"><p>[vc_row full_width=&#8221;stretch_row&#8221; el_class=&#8221;narrow&#8221;][vc_column][vc_empty_space height=&#8221;80px&#8221;][vc_column_text]<\/p>\n<h2 style=\"text-align: center;\">CALM YOUR MIND WITH YOGA<\/h2>\n<p>[\/vc_column_text][vc_empty_space height=&#8221;60px&#8221;][vc_separator color=&#8221;custom&#8221; el_width=&#8221;50&#8243; accent_color=&#8221;#004052&#8243;][vc_empty_space height=&#8221;80px&#8221;][vc_column_text]At HJORTHs Badehotel we want to give you something to take with you home. And not just great memories on the beauty of nature, the calm charm of the rooms or our homemade food \u2013 no, we want to give you even more!<\/p>\n<p>Try our yoga in a beautiful room with a view of unspoiled nature, and feel an increased ability to be present, a better sense of embodiment and inspiration to continue once you are at home!<\/p>\n<p>Yoga is going to combine body and mind, where different positions are combined with conscious breathing, which creates both physical and mental well-being and a mental calm.<\/p>\n<p>The calm in part of us here at HJORTHs Badehotel, but please give yourself this gift and take the calm home with you![\/vc_column_text][vc_empty_space height=&#8221;50px&#8221;][\/vc_column][\/vc_row][vc_row full_width=&#8221;stretch_row&#8221; css=&#8221;.vc_custom_1649334984585{margin-right: 0px !important;margin-left: 0px !important;}&#8221;][vc_column css=&#8221;.vc_custom_1649335317011{background-color: #f9f6f1 !important;}&#8221; el_class=&#8221;blockquote-wrap&#8221;][vc_column_text]<\/p>\n<h3 style=\"text-align: center;\">Yoga class<\/h3>\n<p>[\/vc_column_text][vc_empty_space height=&#8221;20px&#8221;][vc_column_text]<\/p>\n<blockquote><p>We have daily yoga classes \u2013 the times vary, so please ask in the reception or give us a call to inquire ?<\/p>\n<p>Please sign up in the reception, the latest time for signup is at 6PM the day before!<\/p>\n<p>You are welcome to join a yoga class, even if you are not staying at the hotel.<\/p>\n<p>The price of one yoga class is 125 DKK.<\/p>\n<p>&nbsp;<\/p><\/blockquote>\n<p>[\/vc_column_text][vc_empty_space height=&#8221;15px&#8221;][vc_btn title=&#8221;Book stay here&#8221; style=&#8221;custom&#8221; custom_background=&#8221;#004052&#8243; custom_text=&#8221;#ffffff&#8221; shape=&#8221;square&#8221; size=&#8221;sm&#8221; align=&#8221;center&#8221; link=&#8221;url:https%3A%2F%2Fbooking.octopuspms.com%2FRoomBook%3FCode%3Dcf0e0951-32ab-4d36-b708-e03e5ca76aaa%26source%3D%26CheckinDate%3D2019-04-04%26CheckoutDate%3D2019-04-05%26RequestType%3DCHECK%26AdultsCount%3D1%26ChildrenCount%3D0|target:_blank|&#8221;][vc_empty_space height=&#8221;25px&#8221;][\/vc_column][\/vc_row][vc_row full_width=&#8221;stretch_row&#8221;][vc_column][vc_empty_space height=&#8221;140px&#8221;][\/vc_column][\/vc_row]<\/p>\n<\/div>","protected":false},"excerpt":{"rendered":"<p>[vc_row full_width=&#8221;stretch_row&#8221; el_class=&#8221;narrow&#8221;][vc_column][vc_empty_space height=&#8221;80px&#8221;][vc_column_text] CALM YOUR MIND WITH YOGA [\/vc_column_text][vc_empty_space height=&#8221;60px&#8221;][vc_separator color=&#8221;custom&#8221; el_width=&#8221;50&#8243; accent_color=&#8221;#004052&#8243;][vc_empty_space height=&#8221;80px&#8221;][vc_column_text]At HJORTHs Badehotel we want to give you something to take with you home. And not just great memories on the beauty of nature, the calm charm of the rooms or our homemade food \u2013 no, we want to give you &#8230; <a title=\"Yoga at HJORTHs\" class=\"read-more\" href=\"https:\/\/hjorthsbadehotel.dk\/en\/yoga-at-hjorths\/\" aria-label=\"More on Yoga at HJORTHs\">Read more<\/a><\/p>\n","protected":false},"author":1,"featured_media":5775,"parent":0,"menu_order":7,"comment_status":"closed","ping_status":"closed","template":"","meta":{"_acf_changed":false,"footnotes":""},"categories":[],"class_list":["post-4021","page","type-page","status-publish","has-post-thumbnail"],"acf":[],"yoast_head":"<!-- This site is optimized with the Yoast SEO plugin v27.5 - https:\/\/yoast.com\/product\/yoast-seo-wordpress\/ -->\n<title>Yoga i Skagen, Nordjylland &#183; HJORTHs Badehotel<\/title>\n<meta name=\"description\" content=\"Tr\u00e6nger du til at f\u00e5 ro i krop og sj\u00e6l? Opn\u00e5 mental ro med yoga p\u00e5 HJORTHs Badehotel i Skagen, Nordjylland.\" \/>\n<meta name=\"robots\" content=\"index, follow, max-snippet:-1, max-image-preview:large, max-video-preview:-1\" \/>\n<link rel=\"canonical\" href=\"https:\/\/hjorthsbadehotel.dk\/en\/yoga-at-hjorths\/\" \/>\n<meta property=\"og:locale\" content=\"en_US\" \/>\n<meta property=\"og:type\" content=\"article\" \/>\n<meta property=\"og:title\" content=\"Yoga i Skagen, Nordjylland &#183; HJORTHs Badehotel\" \/>\n<meta property=\"og:description\" content=\"Tr\u00e6nger du til at f\u00e5 ro i krop og sj\u00e6l? Opn\u00e5 mental ro med yoga p\u00e5 HJORTHs Badehotel i Skagen, Nordjylland.\" \/>\n<meta property=\"og:url\" content=\"https:\/\/hjorthsbadehotel.dk\/en\/yoga-at-hjorths\/\" \/>\n<meta property=\"og:site_name\" content=\"HJORTHs BADEHOTEL\" \/>\n<meta property=\"article:modified_time\" content=\"2022-07-05T09:57:29+00:00\" \/>\n<meta property=\"og:image\" content=\"https:\/\/hjorthsbadehotel.dk\/wp-content\/uploads\/2025\/02\/yoga.jpg\" \/>\n\t<meta property=\"og:image:width\" content=\"2048\" \/>\n\t<meta property=\"og:image:height\" content=\"1365\" \/>\n\t<meta property=\"og:image:type\" content=\"image\/jpeg\" \/>\n<meta name=\"twitter:card\" content=\"summary_large_image\" \/>\n<meta name=\"twitter:label1\" content=\"Est. reading time\" \/>\n\t<meta name=\"twitter:data1\" content=\"2 minutes\" \/>\n<script type=\"application\/ld+json\" class=\"yoast-schema-graph\">{\"@context\":\"https:\\\/\\\/schema.org\",\"@graph\":[{\"@type\":\"WebPage\",\"@id\":\"https:\\\/\\\/hjorthsbadehotel.dk\\\/en\\\/yoga-at-hjorths\\\/\",\"url\":\"https:\\\/\\\/hjorthsbadehotel.dk\\\/en\\\/yoga-at-hjorths\\\/\",\"name\":\"Yoga i Skagen, Nordjylland &#183; HJORTHs Badehotel\",\"isPartOf\":{\"@id\":\"https:\\\/\\\/hjorthsbadehotel.dk\\\/#website\"},\"primaryImageOfPage\":{\"@id\":\"https:\\\/\\\/hjorthsbadehotel.dk\\\/en\\\/yoga-at-hjorths\\\/#primaryimage\"},\"image\":{\"@id\":\"https:\\\/\\\/hjorthsbadehotel.dk\\\/en\\\/yoga-at-hjorths\\\/#primaryimage\"},\"thumbnailUrl\":\"https:\\\/\\\/hjorthsbadehotel.dk\\\/wp-content\\\/uploads\\\/2025\\\/02\\\/yoga.jpg\",\"datePublished\":\"2022-04-06T07:51:58+00:00\",\"dateModified\":\"2022-07-05T09:57:29+00:00\",\"description\":\"Tr\u00e6nger du til at f\u00e5 ro i krop og sj\u00e6l? Opn\u00e5 mental ro med yoga p\u00e5 HJORTHs Badehotel i Skagen, Nordjylland.\",\"breadcrumb\":{\"@id\":\"https:\\\/\\\/hjorthsbadehotel.dk\\\/en\\\/yoga-at-hjorths\\\/#breadcrumb\"},\"inLanguage\":\"en-US\",\"potentialAction\":[{\"@type\":\"ReadAction\",\"target\":[\"https:\\\/\\\/hjorthsbadehotel.dk\\\/en\\\/yoga-at-hjorths\\\/\"]}]},{\"@type\":\"ImageObject\",\"inLanguage\":\"en-US\",\"@id\":\"https:\\\/\\\/hjorthsbadehotel.dk\\\/en\\\/yoga-at-hjorths\\\/#primaryimage\",\"url\":\"https:\\\/\\\/hjorthsbadehotel.dk\\\/wp-content\\\/uploads\\\/2025\\\/02\\\/yoga.jpg\",\"contentUrl\":\"https:\\\/\\\/hjorthsbadehotel.dk\\\/wp-content\\\/uploads\\\/2025\\\/02\\\/yoga.jpg\",\"width\":2048,\"height\":1365},{\"@type\":\"BreadcrumbList\",\"@id\":\"https:\\\/\\\/hjorthsbadehotel.dk\\\/en\\\/yoga-at-hjorths\\\/#breadcrumb\",\"itemListElement\":[{\"@type\":\"ListItem\",\"position\":1,\"name\":\"Hjem\",\"item\":\"https:\\\/\\\/hjorthsbadehotel.dk\\\/en\\\/\"},{\"@type\":\"ListItem\",\"position\":2,\"name\":\"Yoga at HJORTHs\"}]},{\"@type\":\"WebSite\",\"@id\":\"https:\\\/\\\/hjorthsbadehotel.dk\\\/#website\",\"url\":\"https:\\\/\\\/hjorthsbadehotel.dk\\\/\",\"name\":\"HJORTHs BADEHOTEL\",\"description\":\"SEO\",\"publisher\":{\"@id\":\"https:\\\/\\\/hjorthsbadehotel.dk\\\/#organization\"},\"potentialAction\":[{\"@type\":\"SearchAction\",\"target\":{\"@type\":\"EntryPoint\",\"urlTemplate\":\"https:\\\/\\\/hjorthsbadehotel.dk\\\/?s={search_term_string}\"},\"query-input\":{\"@type\":\"PropertyValueSpecification\",\"valueRequired\":true,\"valueName\":\"search_term_string\"}}],\"inLanguage\":\"en-US\"},{\"@type\":\"Organization\",\"@id\":\"https:\\\/\\\/hjorthsbadehotel.dk\\\/#organization\",\"name\":\"HJORTHs BADEHOTEL\",\"url\":\"https:\\\/\\\/hjorthsbadehotel.dk\\\/\",\"logo\":{\"@type\":\"ImageObject\",\"inLanguage\":\"en-US\",\"@id\":\"https:\\\/\\\/hjorthsbadehotel.dk\\\/#\\\/schema\\\/logo\\\/image\\\/\",\"url\":\"https:\\\/\\\/hjorthsbadehotel.dk\\\/wp-content\\\/uploads\\\/2022\\\/04\\\/hjorths-logo.svg\",\"contentUrl\":\"https:\\\/\\\/hjorthsbadehotel.dk\\\/wp-content\\\/uploads\\\/2022\\\/04\\\/hjorths-logo.svg\",\"width\":277,\"height\":37,\"caption\":\"HJORTHs BADEHOTEL\"},\"image\":{\"@id\":\"https:\\\/\\\/hjorthsbadehotel.dk\\\/#\\\/schema\\\/logo\\\/image\\\/\"}}]}<\/script>\n<!-- \/ Yoast SEO plugin. -->","yoast_head_json":{"title":"Yoga i Skagen, Nordjylland &#183; HJORTHs Badehotel","description":"Tr\u00e6nger du til at f\u00e5 ro i krop og sj\u00e6l? Opn\u00e5 mental ro med yoga p\u00e5 HJORTHs Badehotel i Skagen, Nordjylland.","robots":{"index":"index","follow":"follow","max-snippet":"max-snippet:-1","max-image-preview":"max-image-preview:large","max-video-preview":"max-video-preview:-1"},"canonical":"https:\/\/hjorthsbadehotel.dk\/en\/yoga-at-hjorths\/","og_locale":"en_US","og_type":"article","og_title":"Yoga i Skagen, Nordjylland &#183; HJORTHs Badehotel","og_description":"Tr\u00e6nger du til at f\u00e5 ro i krop og sj\u00e6l? Opn\u00e5 mental ro med yoga p\u00e5 HJORTHs Badehotel i Skagen, Nordjylland.","og_url":"https:\/\/hjorthsbadehotel.dk\/en\/yoga-at-hjorths\/","og_site_name":"HJORTHs BADEHOTEL","article_modified_time":"2022-07-05T09:57:29+00:00","og_image":[{"width":2048,"height":1365,"url":"https:\/\/hjorthsbadehotel.dk\/wp-content\/uploads\/2025\/02\/yoga.jpg","type":"image\/jpeg"}],"twitter_card":"summary_large_image","twitter_misc":{"Est. reading time":"2 minutes"},"schema":{"@context":"https:\/\/schema.org","@graph":[{"@type":"WebPage","@id":"https:\/\/hjorthsbadehotel.dk\/en\/yoga-at-hjorths\/","url":"https:\/\/hjorthsbadehotel.dk\/en\/yoga-at-hjorths\/","name":"Yoga i Skagen, Nordjylland &#183; HJORTHs Badehotel","isPartOf":{"@id":"https:\/\/hjorthsbadehotel.dk\/#website"},"primaryImageOfPage":{"@id":"https:\/\/hjorthsbadehotel.dk\/en\/yoga-at-hjorths\/#primaryimage"},"image":{"@id":"https:\/\/hjorthsbadehotel.dk\/en\/yoga-at-hjorths\/#primaryimage"},"thumbnailUrl":"https:\/\/hjorthsbadehotel.dk\/wp-content\/uploads\/2025\/02\/yoga.jpg","datePublished":"2022-04-06T07:51:58+00:00","dateModified":"2022-07-05T09:57:29+00:00","description":"Tr\u00e6nger du til at f\u00e5 ro i krop og sj\u00e6l? Opn\u00e5 mental ro med yoga p\u00e5 HJORTHs Badehotel i Skagen, Nordjylland.","breadcrumb":{"@id":"https:\/\/hjorthsbadehotel.dk\/en\/yoga-at-hjorths\/#breadcrumb"},"inLanguage":"en-US","potentialAction":[{"@type":"ReadAction","target":["https:\/\/hjorthsbadehotel.dk\/en\/yoga-at-hjorths\/"]}]},{"@type":"ImageObject","inLanguage":"en-US","@id":"https:\/\/hjorthsbadehotel.dk\/en\/yoga-at-hjorths\/#primaryimage","url":"https:\/\/hjorthsbadehotel.dk\/wp-content\/uploads\/2025\/02\/yoga.jpg","contentUrl":"https:\/\/hjorthsbadehotel.dk\/wp-content\/uploads\/2025\/02\/yoga.jpg","width":2048,"height":1365},{"@type":"BreadcrumbList","@id":"https:\/\/hjorthsbadehotel.dk\/en\/yoga-at-hjorths\/#breadcrumb","itemListElement":[{"@type":"ListItem","position":1,"name":"Hjem","item":"https:\/\/hjorthsbadehotel.dk\/en\/"},{"@type":"ListItem","position":2,"name":"Yoga at HJORTHs"}]},{"@type":"WebSite","@id":"https:\/\/hjorthsbadehotel.dk\/#website","url":"https:\/\/hjorthsbadehotel.dk\/","name":"HJORTHs BADEHOTEL","description":"SEO","publisher":{"@id":"https:\/\/hjorthsbadehotel.dk\/#organization"},"potentialAction":[{"@type":"SearchAction","target":{"@type":"EntryPoint","urlTemplate":"https:\/\/hjorthsbadehotel.dk\/?s={search_term_string}"},"query-input":{"@type":"PropertyValueSpecification","valueRequired":true,"valueName":"search_term_string"}}],"inLanguage":"en-US"},{"@type":"Organization","@id":"https:\/\/hjorthsbadehotel.dk\/#organization","name":"HJORTHs BADEHOTEL","url":"https:\/\/hjorthsbadehotel.dk\/","logo":{"@type":"ImageObject","inLanguage":"en-US","@id":"https:\/\/hjorthsbadehotel.dk\/#\/schema\/logo\/image\/","url":"https:\/\/hjorthsbadehotel.dk\/wp-content\/uploads\/2022\/04\/hjorths-logo.svg","contentUrl":"https:\/\/hjorthsbadehotel.dk\/wp-content\/uploads\/2022\/04\/hjorths-logo.svg","width":277,"height":37,"caption":"HJORTHs BADEHOTEL"},"image":{"@id":"https:\/\/hjorthsbadehotel.dk\/#\/schema\/logo\/image\/"}}]}},"_links":{"self":[{"href":"https:\/\/hjorthsbadehotel.dk\/en\/wp-json\/wp\/v2\/pages\/4021","targetHints":{"allow":["GET"]}}],"collection":[{"href":"https:\/\/hjorthsbadehotel.dk\/en\/wp-json\/wp\/v2\/pages"}],"about":[{"href":"https:\/\/hjorthsbadehotel.dk\/en\/wp-json\/wp\/v2\/types\/page"}],"author":[{"embeddable":true,"href":"https:\/\/hjorthsbadehotel.dk\/en\/wp-json\/wp\/v2\/users\/1"}],"replies":[{"embeddable":true,"href":"https:\/\/hjorthsbadehotel.dk\/en\/wp-json\/wp\/v2\/comments?post=4021"}],"version-history":[{"count":4,"href":"https:\/\/hjorthsbadehotel.dk\/en\/wp-json\/wp\/v2\/pages\/4021\/revisions"}],"predecessor-version":[{"id":4283,"href":"https:\/\/hjorthsbadehotel.dk\/en\/wp-json\/wp\/v2\/pages\/4021\/revisions\/4283"}],"wp:featuredmedia":[{"embeddable":true,"href":"https:\/\/hjorthsbadehotel.dk\/en\/wp-json\/wp\/v2\/media\/5775"}],"wp:attachment":[{"href":"https:\/\/hjorthsbadehotel.dk\/en\/wp-json\/wp\/v2\/media?parent=4021"}],"wp:term":[{"taxonomy":"category","embeddable":true,"href":"https:\/\/hjorthsbadehotel.dk\/en\/wp-json\/wp\/v2\/categories?post=4021"}],"curies":[{"name":"wp","href":"https:\/\/api.w.org\/{rel}","templated":true}]}}