{"id":3985,"date":"2022-04-06T09:51:58","date_gmt":"2022-04-06T07:51:58","guid":{"rendered":"https:\/\/hjorthsbadehotel.dk\/book-a-room-at-hjorths-badehotel\/"},"modified":"2026-03-21T13:42:29","modified_gmt":"2026-03-21T12:42:29","slug":"book-a-room-at-hjorths-badehotel","status":"publish","type":"page","link":"https:\/\/hjorthsbadehotel.dk\/en\/book-a-room-at-hjorths-badehotel\/","title":{"rendered":"Book a room at HJORTHs Badehotel"},"content":{"rendered":"<div class=\"wpb-content-wrapper\"><p>[vc_row full_width=&#8221;stretch_row&#8221;][vc_column]<div id=\"ult-carousel-338336576569d1cd2e53915\" class=\"ult-carousel-wrapper   ult_horizontal\" data-gutter=\"0\" data-rtl=\"false\" ><div class=\"ult-carousel-114732634169d1cd2e5384c \" >[vc_single_image image=&#8221;3722&#8243; img_size=&#8221;full&#8221; alignment=&#8221;center&#8221;][vc_single_image image=&#8221;3724&#8243; img_size=&#8221;full&#8221; alignment=&#8221;center&#8221;][vc_single_image image=&#8221;3732&#8243; img_size=&#8221;full&#8221; alignment=&#8221;center&#8221;][vc_single_image image=&#8221;3730&#8243; img_size=&#8221;full&#8221; alignment=&#8221;center&#8221;][vc_single_image image=&#8221;3728&#8243; img_size=&#8221;full&#8221; alignment=&#8221;center&#8221;][vc_single_image image=&#8221;3726&#8243; img_size=&#8221;full&#8221; alignment=&#8221;center&#8221;][vc_single_image image=&#8221;4296&#8243; img_size=&#8221;335&#215;335&#8243; alignment=&#8221;center&#8221;][vc_single_image image=&#8221;4298&#8243; img_size=&#8221;335&#215;335&#8243; alignment=&#8221;center&#8221;][vc_single_image image=&#8221;4302&#8243; img_size=&#8221;335&#215;335&#8243; alignment=&#8221;center&#8221;]<\/div><\/div>\t\t\t<script type=\"text\/javascript\">\n\t\t\t\tjQuery(document).ready(function ($) {\n\t\t\t\t\tif( typeof jQuery('.ult-carousel-114732634169d1cd2e5384c').slick == \"function\"){\n\t\t\t\t\t\t$('.ult-carousel-114732634169d1cd2e5384c').slick({dots: false,autoplay: true,autoplaySpeed: \"1000\",speed: \"1000\",infinite: true,arrows: false,slidesToScroll:1,slidesToShow:3,swipe: true,draggable: true,touchMove: true,pauseOnHover: false,pauseOnFocus: false,responsive: [\n\t\t\t\t\t\t\t{\n\t\t\t\t\t\t\t  breakpoint: 1026,\n\t\t\t\t\t\t\t  settings: {\n\t\t\t\t\t\t\t\tslidesToShow: 3,\n\t\t\t\t\t\t\t\tslidesToScroll: 1,  \n\t\t\t\t\t\t\t  }\n\t\t\t\t\t\t\t},\n\t\t\t\t\t\t\t{\n\t\t\t\t\t\t\t  breakpoint: 1025,\n\t\t\t\t\t\t\t  settings: {\n\t\t\t\t\t\t\t\tslidesToShow: 2,\n\t\t\t\t\t\t\t\tslidesToScroll: 1\n\t\t\t\t\t\t\t  }\n\t\t\t\t\t\t\t},\n\t\t\t\t\t\t\t{\n\t\t\t\t\t\t\t  breakpoint: 760,\n\t\t\t\t\t\t\t  settings: {\n\t\t\t\t\t\t\t\tslidesToShow: 2,\n\t\t\t\t\t\t\t\tslidesToScroll: 1\n\t\t\t\t\t\t\t  }\n\t\t\t\t\t\t\t}\n\t\t\t\t\t\t],pauseOnDotsHover: true,customPaging: function(slider, i) {\n                   return '<i type=\"button\" style= \"color:#333333;\" class=\"ultsl-record\" data-role=\"none\"><\/i>';\n                },});\n\t\t\t\t\t}\n\t\t\t\t});\n\t\t\t<\/script>\n\t\t\t[\/vc_column][\/vc_row][vc_row full_width=&#8221;stretch_row&#8221; el_class=&#8221;narrow&#8221;][vc_column][vc_empty_space height=&#8221;80px&#8221;][vc_column_text]<\/p>\n<h2 style=\"text-align: center;\">ROOMS FILLED WITH WARMTH AND CHARM<\/h2>\n<p>[\/vc_column_text][vc_empty_space height=&#8221;60px&#8221;][vc_separator color=&#8221;custom&#8221; el_width=&#8221;50&#8243; accent_color=&#8221;#004052&#8243;][vc_empty_space height=&#8221;80px&#8221;][vc_column_text]<em>\u201cI\u2019m here now in my wonderful Skagen, where summer has finally arrived and appears with warmth and force, yes, this is the place to be, vigour, air, and in addition the nice peace and quiet that I love so much, you will not be disturbed by anything, but [you] feel such a peace [to the core] in sitting and thinking about how much you can do, and how best to use your time.\u201d<\/em><\/p>\n<p><strong>Anna Ancher<\/strong><\/p>\n<p>&nbsp;<\/p>\n<p>There are many different types of rooms at HJORTHs Badehotel \u2013 double and single, with and without showers or bathtubs. But common to them all is that they are bright and comfortable.<\/p>\n<p>Some of the rooms have a balcony and a view of Raabjerg Mile.<\/p>\n<p>Many of the rooms are furnished with original furniture, which Peter Hjorth carpentered himself. The beds, however, have been made longer a few times \ud83d\ude42<\/p>\n<p><em>If you would like to avoid stairways, please let us know when booking.<\/em>[\/vc_column_text][vc_empty_space height=&#8221;16px&#8221;][vc_btn title=&#8221;Book stay here&#8221; style=&#8221;custom&#8221; custom_background=&#8221;#004052&#8243; custom_text=&#8221;#ffffff&#8221; shape=&#8221;square&#8221; size=&#8221;sm&#8221; align=&#8221;center&#8221; link=&#8221;url:https%3A%2F%2Fbooking.octopuspms.com%2FRoomBook%3FCode%3Dcf0e0951-32ab-4d36-b708-e03e5ca76aaa|target:_blank|&#8221;][vc_empty_space height=&#8221;90px&#8221;][\/vc_column][\/vc_row][vc_row full_width=&#8221;stretch_row&#8221; css=&#8221;.vc_custom_1649334984585{margin-right: 0px !important;margin-left: 0px !important;}&#8221;][vc_column css=&#8221;.vc_custom_1649335317011{background-color: #f9f6f1 !important;}&#8221; el_class=&#8221;blockquote-wrap&#8221;][vc_column_text]<\/p>\n<h3 style=\"text-align: center;\">Single room without bath<\/h3>\n<p>[\/vc_column_text][vc_empty_space height=&#8221;60px&#8221;][vc_column_text]<\/p>\n<blockquote><p>Our single rooms are furnished with a single bed and with access to a shared bathroom.<\/p>\n<p><strong>Room amenities:<\/strong><\/p>\n<ul>\n<li>Single bed<\/li>\n<li>Hairdryer (on request)<\/li>\n<li>Seating corner<\/li>\n<li>Bedside table<\/li>\n<li>Iron and ironing board (on request)<\/li>\n<li>Breakfast included<\/li>\n<\/ul>\n<p>&nbsp;<\/p>\n<p><strong>Prices:<\/strong><\/p>\n<p><strong>from DKK 1295,-<\/strong><\/p><\/blockquote>\n<p>[\/vc_column_text][vc_empty_space height=&#8221;15px&#8221;][vc_btn title=&#8221;Book stay&#8221; style=&#8221;custom&#8221; custom_background=&#8221;#004052&#8243; custom_text=&#8221;#ffffff&#8221; shape=&#8221;square&#8221; size=&#8221;sm&#8221; align=&#8221;center&#8221; link=&#8221;url:https%3A%2F%2Fbooking.octopuspms.com%2FRoomBook%3FCode%3Dcf0e0951-32ab-4d36-b708-e03e5ca76aaa|target:_blank|&#8221;][vc_empty_space height=&#8221;25px&#8221;][\/vc_column][\/vc_row][vc_row full_width=&#8221;stretch_row&#8221;][vc_column][vc_empty_space height=&#8221;120px&#8221;][\/vc_column][\/vc_row][vc_row full_width=&#8221;stretch_row&#8221; css=&#8221;.vc_custom_1649334984585{margin-right: 0px !important;margin-left: 0px !important;}&#8221;][vc_column css=&#8221;.vc_custom_1649335317011{background-color: #f9f6f1 !important;}&#8221; el_class=&#8221;blockquote-wrap&#8221;][vc_column_text]<\/p>\n<h3 style=\"text-align: center;\">Double room without bath<\/h3>\n<p>[\/vc_column_text][vc_empty_space height=&#8221;60px&#8221;][vc_column_text]<\/p>\n<blockquote><p>Beautifully decorated rooms with access to shared bathroom.<\/p>\n<p><strong>Room amenities:<\/strong><\/p>\n<ul>\n<li>Double bed<\/li>\n<li>Hairdryer (on request)<\/li>\n<li>Seating corner<\/li>\n<li>Iron and ironing board (on request)<\/li>\n<li>Breakfast included<\/li>\n<\/ul>\n<p>&nbsp;<\/p>\n<p><strong>Prices:<\/strong><\/p>\n<p><strong>From DKK 1495,-<\/strong><\/p><\/blockquote>\n<p>[\/vc_column_text][vc_empty_space height=&#8221;15px&#8221;][vc_btn title=&#8221;Book stay&#8221; style=&#8221;custom&#8221; custom_background=&#8221;#004052&#8243; custom_text=&#8221;#ffffff&#8221; shape=&#8221;square&#8221; size=&#8221;sm&#8221; align=&#8221;center&#8221; link=&#8221;url:https%3A%2F%2Fbooking.octopuspms.com%2FRoomBook%3FCode%3Dcf0e0951-32ab-4d36-b708-e03e5ca76aaa|target:_blank|&#8221;][vc_empty_space height=&#8221;25px&#8221;][\/vc_column][\/vc_row][vc_row full_width=&#8221;stretch_row&#8221;][vc_column][vc_empty_space height=&#8221;120px&#8221;][\/vc_column][\/vc_row][vc_row full_width=&#8221;stretch_row&#8221; css=&#8221;.vc_custom_1649334984585{margin-right: 0px !important;margin-left: 0px !important;}&#8221;][vc_column css=&#8221;.vc_custom_1649335317011{background-color: #f9f6f1 !important;}&#8221; el_class=&#8221;blockquote-wrap&#8221;][vc_column_text]<\/p>\n<h3 style=\"text-align: center;\">Double room with bath<\/h3>\n<p>[\/vc_column_text][vc_empty_space height=&#8221;60px&#8221;][vc_column_text]<\/p>\n<blockquote><p>Beautifully decorated rooms with private bathrooms. Most rooms have either a balcony or a terrace.<\/p>\n<p><strong>Room amenities:<\/strong><\/p>\n<ul>\n<li>Double bed<\/li>\n<li>Private shower and toilet<\/li>\n<li>Hairdryer (on request)<\/li>\n<li>Seating corner<\/li>\n<li>Iron and ironing board (on request)<\/li>\n<li>Breakfast included<\/li>\n<\/ul>\n<p><em>We cannot always guarantee specific rooms, but we\u2019re happy to try.<\/em><\/p>\n<p>&nbsp;<\/p>\n<p><strong>Prices:<\/strong><\/p>\n<p><strong>From 1595,-<\/strong><\/p><\/blockquote>\n<p>[\/vc_column_text][vc_empty_space height=&#8221;15px&#8221;][vc_btn title=&#8221;Book stay&#8221; style=&#8221;custom&#8221; custom_background=&#8221;#004052&#8243; custom_text=&#8221;#ffffff&#8221; shape=&#8221;square&#8221; size=&#8221;sm&#8221; align=&#8221;center&#8221; link=&#8221;url:https%3A%2F%2Fbooking.octopuspms.com%2FRoomBook%3FCode%3Dcf0e0951-32ab-4d36-b708-e03e5ca76aaa|target:_blank|&#8221;][vc_empty_space height=&#8221;25px&#8221;][\/vc_column][\/vc_row][vc_row full_width=&#8221;stretch_row&#8221;][vc_column][vc_empty_space height=&#8221;120px&#8221;][\/vc_column][\/vc_row][vc_row full_width=&#8221;stretch_row&#8221; css=&#8221;.vc_custom_1649334984585{margin-right: 0px !important;margin-left: 0px !important;}&#8221;][vc_column css=&#8221;.vc_custom_1649335317011{background-color: #f9f6f1 !important;}&#8221; el_class=&#8221;blockquote-wrap&#8221;][vc_column_text]<\/p>\n<h3 style=\"text-align: center;\">Rooms with a view and bathtub<\/h3>\n<p>[\/vc_column_text][vc_empty_space height=&#8221;60px&#8221;][vc_column_text]<\/p>\n<blockquote><p>Beautifully decorated rooms with private bathroom and a balcony. All suites are equipped with a bathtub.<\/p>\n<p><strong>Room amenities:<\/strong><\/p>\n<ul>\n<li>Double bed<\/li>\n<li>Private bathroom with toilet and bathtub<\/li>\n<li>Hairdryer (on request)<\/li>\n<li>Seating corner<\/li>\n<li>Balcony<\/li>\n<li>Iron and ironing board (on request)<\/li>\n<li>Breakfast included<\/li>\n<\/ul>\n<p>&nbsp;<\/p>\n<p><strong>Prices:<\/strong><\/p>\n<p><strong>From 1695,-<\/strong><\/p><\/blockquote>\n<p>[\/vc_column_text][vc_empty_space height=&#8221;15px&#8221;][vc_btn title=&#8221;Book stay&#8221; style=&#8221;custom&#8221; custom_background=&#8221;#004052&#8243; custom_text=&#8221;#ffffff&#8221; shape=&#8221;square&#8221; size=&#8221;sm&#8221; align=&#8221;center&#8221; link=&#8221;url:https%3A%2F%2Fbooking.octopuspms.com%2FRoomBook%3FCode%3Dcf0e0951-32ab-4d36-b708-e03e5ca76aaa|target:_blank|&#8221;][vc_empty_space height=&#8221;25px&#8221;][\/vc_column][\/vc_row][vc_row full_width=&#8221;stretch_row&#8221;][vc_column][vc_empty_space height=&#8221;120px&#8221;][\/vc_column][\/vc_row][vc_row full_width=&#8221;stretch_row&#8221; css=&#8221;.vc_custom_1649334984585{margin-right: 0px !important;margin-left: 0px !important;}&#8221;][vc_column css=&#8221;.vc_custom_1649335317011{background-color: #f9f6f1 !important;}&#8221; el_class=&#8221;blockquote-wrap&#8221;][vc_column_text]<\/p>\n<h3 style=\"text-align: center;\">Family room<\/h3>\n<p>[\/vc_column_text][vc_empty_space height=&#8221;60px&#8221;][vc_column_text css=&#8221;&#8221;]<\/p>\n<blockquote><p>HJORTHs Badehotel r\u00e5der over to familiev\u00e6relser, der har plads til 4 personer med eget bad og toilet, te-k\u00f8kken med minik\u00f8leskab, et spisebord, sofaomr\u00e5de samt sk\u00f8n terrasse. S\u00e5 hvis I leder efter det perfekte v\u00e6relse til overnatning for jeres familie i Skagen, er I kommet til det helt rette hotel.<\/p>\n<p>Lejlighederne er i to plan og er derfor ikke handicapvenlige.<\/p>\n<p>&nbsp;<\/p>\n<p><strong>Priser:<\/strong><\/p>\n<p><strong>Fra DKK <\/strong><strong>1795,-\u00a0<\/strong><\/p>\n<p>&nbsp;<\/p><\/blockquote>\n<p>[\/vc_column_text][vc_empty_space height=&#8221;15px&#8221;][vc_btn title=&#8221;Book stay&#8221; style=&#8221;custom&#8221; custom_background=&#8221;#004052&#8243; custom_text=&#8221;#ffffff&#8221; shape=&#8221;square&#8221; size=&#8221;sm&#8221; align=&#8221;center&#8221; link=&#8221;url:https%3A%2F%2Fbooking.octopuspms.com%2FRoomBook%3FCode%3Dcf0e0951-32ab-4d36-b708-e03e5ca76aaa|target:_blank|&#8221;][vc_empty_space height=&#8221;25px&#8221;][\/vc_column][\/vc_row][vc_row full_width=&#8221;stretch_row&#8221;][vc_column][vc_empty_space height=&#8221;120px&#8221;][\/vc_column][\/vc_row][vc_row full_width=&#8221;stretch_row&#8221; css=&#8221;.vc_custom_1649334984585{margin-right: 0px !important;margin-left: 0px !important;}&#8221;][vc_column css=&#8221;.vc_custom_1649335317011{background-color: #f9f6f1 !important;}&#8221; el_class=&#8221;blockquote-wrap&#8221;][vc_column_text]<\/p>\n<h3 style=\"text-align: center;\">Suites<\/h3>\n<p>[\/vc_column_text][vc_empty_space height=&#8221;60px&#8221;][vc_column_text]<\/p>\n<blockquote><p>In the winter 2021 and spring 2022 the hotel was gently renovated and a whole new building containing 6 new, big suites was made. Beautifully decorated in an authentic seaside resort style and at the balcony facing west the lovely afternoon\/evening sun gives time to enjoy and relax.<\/p>\n<p><strong>Prices from 1.895,-<\/strong><\/p><\/blockquote>\n<p>[\/vc_column_text][vc_empty_space height=&#8221;15px&#8221;][vc_btn title=&#8221;Book stay&#8221; style=&#8221;custom&#8221; custom_background=&#8221;#004052&#8243; custom_text=&#8221;#ffffff&#8221; shape=&#8221;square&#8221; size=&#8221;sm&#8221; align=&#8221;center&#8221; link=&#8221;url:https%3A%2F%2Fbooking.octopuspms.com%2FRoomBook%3FCode%3Dcf0e0951-32ab-4d36-b708-e03e5ca76aaa|target:_blank|&#8221;][vc_empty_space height=&#8221;25px&#8221;][\/vc_column][\/vc_row][vc_row full_width=&#8221;stretch_row&#8221;][vc_column][vc_empty_space height=&#8221;120px&#8221;][\/vc_column][\/vc_row][vc_row full_width=&#8221;stretch_row&#8221; css=&#8221;.vc_custom_1649334984585{margin-right: 0px !important;margin-left: 0px !important;}&#8221;][vc_column css=&#8221;.vc_custom_1649335317011{background-color: #f9f6f1 !important;}&#8221; el_class=&#8221;blockquote-wrap&#8221;][vc_column_text]<\/p>\n<h3 style=\"text-align: center;\">Rent a hotel<\/h3>\n<p>[\/vc_column_text][vc_empty_space height=&#8221;60px&#8221;][vc_column_text]<\/p>\n<blockquote><p>If the family, the company or the board is planning a big get-together, you can rent one of the main houses of HJORTHs Badehotel incl. rooms, lounge and room for dinner and\/or meetings all year around \u2013 except during high season.<\/p>\n<p>Please contact us for more information.<\/p><\/blockquote>\n<p>[\/vc_column_text][vc_empty_space height=&#8221;15px&#8221;][vc_btn title=&#8221;Contact&#8221; style=&#8221;custom&#8221; custom_background=&#8221;#004052&#8243; custom_text=&#8221;#ffffff&#8221; shape=&#8221;square&#8221; size=&#8221;sm&#8221; align=&#8221;center&#8221; link=&#8221;url:mailto%3Ainfo%40hjorthsbadehotel.dk|&#8221;][vc_empty_space height=&#8221;25px&#8221;][\/vc_column][\/vc_row][vc_row full_width=&#8221;stretch_row&#8221;][vc_column][vc_empty_space height=&#8221;140px&#8221;][\/vc_column][\/vc_row]<\/p>\n<\/div>","protected":false},"excerpt":{"rendered":"<p>[vc_row full_width=&#8221;stretch_row&#8221;][vc_column][\/vc_column][\/vc_row][vc_row full_width=&#8221;stretch_row&#8221; el_class=&#8221;narrow&#8221;][vc_column][vc_empty_space height=&#8221;80px&#8221;][vc_column_text] ROOMS FILLED WITH WARMTH AND CHARM [\/vc_column_text][vc_empty_space height=&#8221;60px&#8221;][vc_separator color=&#8221;custom&#8221; el_width=&#8221;50&#8243; accent_color=&#8221;#004052&#8243;][vc_empty_space height=&#8221;80px&#8221;][vc_column_text]\u201cI\u2019m here now in my wonderful Skagen, where summer has finally arrived and appears with warmth and force, yes, this is the place to be, vigour, air, and in addition the nice peace and quiet that I love so &#8230; <a title=\"Book a room at HJORTHs Badehotel\" class=\"read-more\" href=\"https:\/\/hjorthsbadehotel.dk\/en\/book-a-room-at-hjorths-badehotel\/\" aria-label=\"More on Book a room at HJORTHs Badehotel\">Read more<\/a><\/p>\n","protected":false},"author":1,"featured_media":3711,"parent":0,"menu_order":2,"comment_status":"closed","ping_status":"closed","template":"","meta":{"_acf_changed":false,"footnotes":""},"categories":[],"class_list":["post-3985","page","type-page","status-publish","has-post-thumbnail"],"acf":[],"yoast_head":"<!-- This site is optimized with the Yoast SEO plugin v27.3 - https:\/\/yoast.com\/product\/yoast-seo-wordpress\/ -->\n<title>Overnatning i Skagen, Nordjylland &#183; HJORTHs BADEHOTEL<\/title>\n<meta name=\"description\" content=\"S\u00f8ger du et overnatningssted i Nordjylland? Vi tilbyder overnatning i sk\u00f8nne omgivelser p\u00e5 vores hotel i Skagen. Bestil i dag.\" \/>\n<meta name=\"robots\" content=\"index, follow, max-snippet:-1, max-image-preview:large, max-video-preview:-1\" \/>\n<link rel=\"canonical\" href=\"https:\/\/hjorthsbadehotel.dk\/overnatninger\/\" \/>\n<meta property=\"og:locale\" content=\"en_US\" \/>\n<meta property=\"og:type\" content=\"article\" \/>\n<meta property=\"og:title\" content=\"Overnatning i Skagen, Nordjylland &#183; HJORTHs BADEHOTEL\" \/>\n<meta property=\"og:description\" content=\"S\u00f8ger du et overnatningssted i Nordjylland? Vi tilbyder overnatning i sk\u00f8nne omgivelser p\u00e5 vores hotel i Skagen. Bestil i dag.\" \/>\n<meta property=\"og:url\" content=\"https:\/\/hjorthsbadehotel.dk\/overnatninger\/\" \/>\n<meta property=\"og:site_name\" content=\"HJORTHs BADEHOTEL\" \/>\n<meta property=\"article:modified_time\" content=\"2026-03-21T12:42:29+00:00\" \/>\n<meta property=\"og:image\" content=\"https:\/\/hjorthsbadehotel.dk\/wp-content\/uploads\/2022\/04\/059a0366-1280x854-1.jpeg\" \/>\n\t<meta property=\"og:image:width\" content=\"1280\" \/>\n\t<meta property=\"og:image:height\" content=\"854\" \/>\n\t<meta property=\"og:image:type\" content=\"image\/jpeg\" \/>\n<meta name=\"twitter:card\" content=\"summary_large_image\" \/>\n<meta name=\"twitter:label1\" content=\"Est. reading time\" \/>\n\t<meta name=\"twitter:data1\" content=\"8 minutes\" \/>\n<script type=\"application\/ld+json\" class=\"yoast-schema-graph\">{\"@context\":\"https:\\\/\\\/schema.org\",\"@graph\":[{\"@type\":\"WebPage\",\"@id\":\"https:\\\/\\\/hjorthsbadehotel.dk\\\/overnatninger\\\/\",\"url\":\"https:\\\/\\\/hjorthsbadehotel.dk\\\/overnatninger\\\/\",\"name\":\"Overnatning i Skagen, Nordjylland &#183; HJORTHs BADEHOTEL\",\"isPartOf\":{\"@id\":\"https:\\\/\\\/hjorthsbadehotel.dk\\\/#website\"},\"primaryImageOfPage\":{\"@id\":\"https:\\\/\\\/hjorthsbadehotel.dk\\\/overnatninger\\\/#primaryimage\"},\"image\":{\"@id\":\"https:\\\/\\\/hjorthsbadehotel.dk\\\/overnatninger\\\/#primaryimage\"},\"thumbnailUrl\":\"https:\\\/\\\/hjorthsbadehotel.dk\\\/wp-content\\\/uploads\\\/2022\\\/04\\\/059a0366-1280x854-1.jpeg\",\"datePublished\":\"2022-04-06T07:51:58+00:00\",\"dateModified\":\"2026-03-21T12:42:29+00:00\",\"description\":\"S\u00f8ger du et overnatningssted i Nordjylland? Vi tilbyder overnatning i sk\u00f8nne omgivelser p\u00e5 vores hotel i Skagen. Bestil i dag.\",\"breadcrumb\":{\"@id\":\"https:\\\/\\\/hjorthsbadehotel.dk\\\/overnatninger\\\/#breadcrumb\"},\"inLanguage\":\"en-US\",\"potentialAction\":[{\"@type\":\"ReadAction\",\"target\":[\"https:\\\/\\\/hjorthsbadehotel.dk\\\/overnatninger\\\/\"]}]},{\"@type\":\"ImageObject\",\"inLanguage\":\"en-US\",\"@id\":\"https:\\\/\\\/hjorthsbadehotel.dk\\\/overnatninger\\\/#primaryimage\",\"url\":\"https:\\\/\\\/hjorthsbadehotel.dk\\\/wp-content\\\/uploads\\\/2022\\\/04\\\/059a0366-1280x854-1.jpeg\",\"contentUrl\":\"https:\\\/\\\/hjorthsbadehotel.dk\\\/wp-content\\\/uploads\\\/2022\\\/04\\\/059a0366-1280x854-1.jpeg\",\"width\":1280,\"height\":854,\"caption\":\"Overnatning i Skagen, Nordjylland\"},{\"@type\":\"BreadcrumbList\",\"@id\":\"https:\\\/\\\/hjorthsbadehotel.dk\\\/overnatninger\\\/#breadcrumb\",\"itemListElement\":[{\"@type\":\"ListItem\",\"position\":1,\"name\":\"Hjem\",\"item\":\"https:\\\/\\\/hjorthsbadehotel.dk\\\/en\\\/\"},{\"@type\":\"ListItem\",\"position\":2,\"name\":\"Book a room at HJORTHs Badehotel\"}]},{\"@type\":\"WebSite\",\"@id\":\"https:\\\/\\\/hjorthsbadehotel.dk\\\/#website\",\"url\":\"https:\\\/\\\/hjorthsbadehotel.dk\\\/\",\"name\":\"HJORTHs BADEHOTEL\",\"description\":\"SEO\",\"publisher\":{\"@id\":\"https:\\\/\\\/hjorthsbadehotel.dk\\\/#organization\"},\"potentialAction\":[{\"@type\":\"SearchAction\",\"target\":{\"@type\":\"EntryPoint\",\"urlTemplate\":\"https:\\\/\\\/hjorthsbadehotel.dk\\\/?s={search_term_string}\"},\"query-input\":{\"@type\":\"PropertyValueSpecification\",\"valueRequired\":true,\"valueName\":\"search_term_string\"}}],\"inLanguage\":\"en-US\"},{\"@type\":\"Organization\",\"@id\":\"https:\\\/\\\/hjorthsbadehotel.dk\\\/#organization\",\"name\":\"HJORTHs BADEHOTEL\",\"url\":\"https:\\\/\\\/hjorthsbadehotel.dk\\\/\",\"logo\":{\"@type\":\"ImageObject\",\"inLanguage\":\"en-US\",\"@id\":\"https:\\\/\\\/hjorthsbadehotel.dk\\\/#\\\/schema\\\/logo\\\/image\\\/\",\"url\":\"https:\\\/\\\/hjorthsbadehotel.dk\\\/wp-content\\\/uploads\\\/2022\\\/04\\\/hjorths-logo.svg\",\"contentUrl\":\"https:\\\/\\\/hjorthsbadehotel.dk\\\/wp-content\\\/uploads\\\/2022\\\/04\\\/hjorths-logo.svg\",\"width\":277,\"height\":37,\"caption\":\"HJORTHs BADEHOTEL\"},\"image\":{\"@id\":\"https:\\\/\\\/hjorthsbadehotel.dk\\\/#\\\/schema\\\/logo\\\/image\\\/\"}}]}<\/script>\n<!-- \/ Yoast SEO plugin. -->","yoast_head_json":{"title":"Overnatning i Skagen, Nordjylland &#183; HJORTHs BADEHOTEL","description":"S\u00f8ger du et overnatningssted i Nordjylland? Vi tilbyder overnatning i sk\u00f8nne omgivelser p\u00e5 vores hotel i Skagen. Bestil i dag.","robots":{"index":"index","follow":"follow","max-snippet":"max-snippet:-1","max-image-preview":"max-image-preview:large","max-video-preview":"max-video-preview:-1"},"canonical":"https:\/\/hjorthsbadehotel.dk\/overnatninger\/","og_locale":"en_US","og_type":"article","og_title":"Overnatning i Skagen, Nordjylland &#183; HJORTHs BADEHOTEL","og_description":"S\u00f8ger du et overnatningssted i Nordjylland? Vi tilbyder overnatning i sk\u00f8nne omgivelser p\u00e5 vores hotel i Skagen. Bestil i dag.","og_url":"https:\/\/hjorthsbadehotel.dk\/overnatninger\/","og_site_name":"HJORTHs BADEHOTEL","article_modified_time":"2026-03-21T12:42:29+00:00","og_image":[{"width":1280,"height":854,"url":"https:\/\/hjorthsbadehotel.dk\/wp-content\/uploads\/2022\/04\/059a0366-1280x854-1.jpeg","type":"image\/jpeg"}],"twitter_card":"summary_large_image","twitter_misc":{"Est. reading time":"8 minutes"},"schema":{"@context":"https:\/\/schema.org","@graph":[{"@type":"WebPage","@id":"https:\/\/hjorthsbadehotel.dk\/overnatninger\/","url":"https:\/\/hjorthsbadehotel.dk\/overnatninger\/","name":"Overnatning i Skagen, Nordjylland &#183; HJORTHs BADEHOTEL","isPartOf":{"@id":"https:\/\/hjorthsbadehotel.dk\/#website"},"primaryImageOfPage":{"@id":"https:\/\/hjorthsbadehotel.dk\/overnatninger\/#primaryimage"},"image":{"@id":"https:\/\/hjorthsbadehotel.dk\/overnatninger\/#primaryimage"},"thumbnailUrl":"https:\/\/hjorthsbadehotel.dk\/wp-content\/uploads\/2022\/04\/059a0366-1280x854-1.jpeg","datePublished":"2022-04-06T07:51:58+00:00","dateModified":"2026-03-21T12:42:29+00:00","description":"S\u00f8ger du et overnatningssted i Nordjylland? Vi tilbyder overnatning i sk\u00f8nne omgivelser p\u00e5 vores hotel i Skagen. Bestil i dag.","breadcrumb":{"@id":"https:\/\/hjorthsbadehotel.dk\/overnatninger\/#breadcrumb"},"inLanguage":"en-US","potentialAction":[{"@type":"ReadAction","target":["https:\/\/hjorthsbadehotel.dk\/overnatninger\/"]}]},{"@type":"ImageObject","inLanguage":"en-US","@id":"https:\/\/hjorthsbadehotel.dk\/overnatninger\/#primaryimage","url":"https:\/\/hjorthsbadehotel.dk\/wp-content\/uploads\/2022\/04\/059a0366-1280x854-1.jpeg","contentUrl":"https:\/\/hjorthsbadehotel.dk\/wp-content\/uploads\/2022\/04\/059a0366-1280x854-1.jpeg","width":1280,"height":854,"caption":"Overnatning i Skagen, Nordjylland"},{"@type":"BreadcrumbList","@id":"https:\/\/hjorthsbadehotel.dk\/overnatninger\/#breadcrumb","itemListElement":[{"@type":"ListItem","position":1,"name":"Hjem","item":"https:\/\/hjorthsbadehotel.dk\/en\/"},{"@type":"ListItem","position":2,"name":"Book a room at HJORTHs Badehotel"}]},{"@type":"WebSite","@id":"https:\/\/hjorthsbadehotel.dk\/#website","url":"https:\/\/hjorthsbadehotel.dk\/","name":"HJORTHs BADEHOTEL","description":"SEO","publisher":{"@id":"https:\/\/hjorthsbadehotel.dk\/#organization"},"potentialAction":[{"@type":"SearchAction","target":{"@type":"EntryPoint","urlTemplate":"https:\/\/hjorthsbadehotel.dk\/?s={search_term_string}"},"query-input":{"@type":"PropertyValueSpecification","valueRequired":true,"valueName":"search_term_string"}}],"inLanguage":"en-US"},{"@type":"Organization","@id":"https:\/\/hjorthsbadehotel.dk\/#organization","name":"HJORTHs BADEHOTEL","url":"https:\/\/hjorthsbadehotel.dk\/","logo":{"@type":"ImageObject","inLanguage":"en-US","@id":"https:\/\/hjorthsbadehotel.dk\/#\/schema\/logo\/image\/","url":"https:\/\/hjorthsbadehotel.dk\/wp-content\/uploads\/2022\/04\/hjorths-logo.svg","contentUrl":"https:\/\/hjorthsbadehotel.dk\/wp-content\/uploads\/2022\/04\/hjorths-logo.svg","width":277,"height":37,"caption":"HJORTHs BADEHOTEL"},"image":{"@id":"https:\/\/hjorthsbadehotel.dk\/#\/schema\/logo\/image\/"}}]}},"_links":{"self":[{"href":"https:\/\/hjorthsbadehotel.dk\/en\/wp-json\/wp\/v2\/pages\/3985","targetHints":{"allow":["GET"]}}],"collection":[{"href":"https:\/\/hjorthsbadehotel.dk\/en\/wp-json\/wp\/v2\/pages"}],"about":[{"href":"https:\/\/hjorthsbadehotel.dk\/en\/wp-json\/wp\/v2\/types\/page"}],"author":[{"embeddable":true,"href":"https:\/\/hjorthsbadehotel.dk\/en\/wp-json\/wp\/v2\/users\/1"}],"replies":[{"embeddable":true,"href":"https:\/\/hjorthsbadehotel.dk\/en\/wp-json\/wp\/v2\/comments?post=3985"}],"version-history":[{"count":10,"href":"https:\/\/hjorthsbadehotel.dk\/en\/wp-json\/wp\/v2\/pages\/3985\/revisions"}],"predecessor-version":[{"id":6597,"href":"https:\/\/hjorthsbadehotel.dk\/en\/wp-json\/wp\/v2\/pages\/3985\/revisions\/6597"}],"wp:featuredmedia":[{"embeddable":true,"href":"https:\/\/hjorthsbadehotel.dk\/en\/wp-json\/wp\/v2\/media\/3711"}],"wp:attachment":[{"href":"https:\/\/hjorthsbadehotel.dk\/en\/wp-json\/wp\/v2\/media?parent=3985"}],"wp:term":[{"taxonomy":"category","embeddable":true,"href":"https:\/\/hjorthsbadehotel.dk\/en\/wp-json\/wp\/v2\/categories?post=3985"}],"curies":[{"name":"wp","href":"https:\/\/api.w.org\/{rel}","templated":true}]}}