{"id":3981,"date":"2022-04-06T09:51:58","date_gmt":"2022-04-06T07:51:58","guid":{"rendered":"https:\/\/hjorthsbadehotel.dk\/hjorths-restaurant\/"},"modified":"2025-08-26T08:48:42","modified_gmt":"2025-08-26T06:48:42","slug":"hjorths-restaurant","status":"publish","type":"page","link":"https:\/\/hjorthsbadehotel.dk\/en\/hjorths-restaurant\/","title":{"rendered":"HJORTHs Restaurant in Skagen, Nordjylland"},"content":{"rendered":"<div class=\"wpb-content-wrapper\"><p>[vc_row full_width=&#8221;stretch_row&#8221; el_class=&#8221;narrow&#8221;][vc_column][vc_empty_space height=&#8221;80px&#8221;][vc_column_text]<\/p>\n<h2 style=\"text-align: center;\">GREAT FOOD EXPERIENCES AWAIT IN KANDESTEDERNE NEAR SKAGEN<\/h2>\n<p>[\/vc_column_text][vc_empty_space height=&#8221;60px&#8221;][vc_separator color=&#8221;custom&#8221; el_width=&#8221;50&#8243; accent_color=&#8221;#004052&#8243;][vc_empty_space height=&#8221;80px&#8221;][vc_column_text css=&#8221;&#8221;]A beautiful, characteristic and majestic nature encircle HJORTHs Badehotel. Therefore we see it as our duty to keep this calm and use it as our guide, and we keep the pace of the season. A daily inspiration is the absorption into the presents from nature, and our menu is the evidence of this.<\/p>\n<p>Unpretentious and with the famous twinkle in our eyes, we interpret the old, Danish classics \u2013 and thereby we create a meeting between the past and the present. A meeting that reminds us of our roots and may create new roots in the middle of a globalised world.<\/p>\n<p>The creativity starts with the local, seasonal produce, where the voice of nature is at its clearest. Furthermore, homemade is a matter of course at HJORTHs.<\/p>\n<p>Check out our menus below.<\/p>\n<p>Enjoy ?[\/vc_column_text][vc_empty_space height=&#8221;50px&#8221;][\/vc_column][\/vc_row][vc_row][vc_column width=&#8221;1\/2&#8243;][vc_btn title=&#8221;See menu&#8221; style=&#8221;custom&#8221; custom_background=&#8221;#004052&#8243; custom_text=&#8221;#ffffff&#8221; shape=&#8221;square&#8221; size=&#8221;sm&#8221; align=&#8221;center&#8221; css=&#8221;&#8221; link=&#8221;url:https%3A%2F%2Fhjorthsbadehotel.dk%2Fwp-content%2Fuploads%2F2025%2F06%2Fmenukort-2025-180&#215;297-screen5.pdf&#8221;][\/vc_column][vc_column width=&#8221;1\/2&#8243;][vc_btn title=&#8221;See winelist&#8221; style=&#8221;custom&#8221; custom_background=&#8221;#004052&#8243; custom_text=&#8221;#ffffff&#8221; shape=&#8221;square&#8221; size=&#8221;sm&#8221; align=&#8221;center&#8221; css=&#8221;&#8221; link=&#8221;url:https%3A%2F%2Fhjorthsbadehotel.dk%2Fwp-content%2Fuploads%2F2024%2F05%2Fvinkort-2024-screen.pdf&#8221;][\/vc_column][\/vc_row][vc_row][vc_column][vc_empty_space height=&#8221;100px&#8221;][vc_column_text]<\/p>\n<h3 style=\"text-align: center;\">Make a reservation at our restaurant<\/h3>\n<p>[\/vc_column_text][vc_empty_space height=&#8221;20px&#8221;][vc_btn title=&#8221;Book a table&#8221; style=&#8221;custom&#8221; custom_background=&#8221;#004052&#8243; custom_text=&#8221;#ffffff&#8221; shape=&#8221;square&#8221; size=&#8221;sm&#8221; align=&#8221;center&#8221; link=&#8221;url:https%3A%2F%2Fhjorthsbadehotel.dk%2Fen%2Fbook-a-table%2F|title:Book%20restaurant%20table|&#8221;][vc_empty_space height=&#8221;100px&#8221;][vc_column_text css=&#8221;&#8221;]<\/p>\n<p style=\"text-align: center;\"><a href=\"https:\/\/www.findsmiley.dk\/22254\" target=\"_blank\" rel=\"noopener\">Check out our smiley status here<\/a><\/p>\n<p>[\/vc_column_text][vc_empty_space height=&#8221;150px&#8221;][\/vc_column][\/vc_row]<\/p>\n<\/div>","protected":false},"excerpt":{"rendered":"<p>[vc_row full_width=&#8221;stretch_row&#8221; el_class=&#8221;narrow&#8221;][vc_column][vc_empty_space height=&#8221;80px&#8221;][vc_column_text] GREAT FOOD EXPERIENCES AWAIT IN KANDESTEDERNE NEAR SKAGEN [\/vc_column_text][vc_empty_space height=&#8221;60px&#8221;][vc_separator color=&#8221;custom&#8221; el_width=&#8221;50&#8243; accent_color=&#8221;#004052&#8243;][vc_empty_space height=&#8221;80px&#8221;][vc_column_text css=&#8221;&#8221;]A beautiful, characteristic and majestic nature encircle HJORTHs Badehotel. Therefore we see it as our duty to keep this calm and use it as our guide, and we keep the pace of the season. A daily inspiration &#8230; <a title=\"HJORTHs Restaurant in Skagen, Nordjylland\" class=\"read-more\" href=\"https:\/\/hjorthsbadehotel.dk\/en\/hjorths-restaurant\/\" aria-label=\"More on HJORTHs Restaurant in Skagen, Nordjylland\">Read more<\/a><\/p>\n","protected":false},"author":1,"featured_media":5647,"parent":0,"menu_order":4,"comment_status":"closed","ping_status":"closed","template":"","meta":{"_acf_changed":false,"footnotes":""},"categories":[],"class_list":["post-3981","page","type-page","status-publish","has-post-thumbnail"],"acf":[],"yoast_head":"<!-- This site is optimized with the Yoast SEO plugin v27.4 - https:\/\/yoast.com\/product\/yoast-seo-wordpress\/ -->\n<title>Restaurant in Skagen, Nordjylland &#183; HJORTHs BADEHOTEL<\/title>\n<meta name=\"description\" content=\"S\u00f8ger du et godt spisested i Nordjylland? Nyd et sk\u00f8nt m\u00e5ltid s\u00e6son-aktuelle r\u00e5varer i vores restaurant i Skagen. Bestil et bord.\" \/>\n<meta name=\"robots\" content=\"index, follow, max-snippet:-1, max-image-preview:large, max-video-preview:-1\" \/>\n<link rel=\"canonical\" href=\"https:\/\/hjorthsbadehotel.dk\/en\/hjorths-restaurant\/\" \/>\n<meta property=\"og:locale\" content=\"en_US\" \/>\n<meta property=\"og:type\" content=\"article\" \/>\n<meta property=\"og:title\" content=\"Restaurant in Skagen, Nordjylland &#183; HJORTHs BADEHOTEL\" \/>\n<meta property=\"og:description\" content=\"S\u00f8ger du et godt spisested i Nordjylland? Nyd et sk\u00f8nt m\u00e5ltid s\u00e6son-aktuelle r\u00e5varer i vores restaurant i Skagen. Bestil et bord.\" \/>\n<meta property=\"og:url\" content=\"https:\/\/hjorthsbadehotel.dk\/en\/hjorths-restaurant\/\" \/>\n<meta property=\"og:site_name\" content=\"HJORTHs BADEHOTEL\" \/>\n<meta property=\"article:modified_time\" content=\"2025-08-26T06:48:42+00:00\" \/>\n<meta property=\"og:image\" content=\"https:\/\/hjorthsbadehotel.dk\/wp-content\/uploads\/2025\/01\/dsc6892.jpg\" \/>\n\t<meta property=\"og:image:width\" content=\"2048\" \/>\n\t<meta property=\"og:image:height\" content=\"1365\" \/>\n\t<meta property=\"og:image:type\" content=\"image\/jpeg\" \/>\n<meta name=\"twitter:card\" content=\"summary_large_image\" \/>\n<meta name=\"twitter:label1\" content=\"Est. reading time\" \/>\n\t<meta name=\"twitter:data1\" content=\"2 minutes\" \/>\n<script type=\"application\/ld+json\" class=\"yoast-schema-graph\">{\"@context\":\"https:\\\/\\\/schema.org\",\"@graph\":[{\"@type\":\"WebPage\",\"@id\":\"https:\\\/\\\/hjorthsbadehotel.dk\\\/en\\\/hjorths-restaurant\\\/\",\"url\":\"https:\\\/\\\/hjorthsbadehotel.dk\\\/en\\\/hjorths-restaurant\\\/\",\"name\":\"Restaurant in Skagen, Nordjylland &#183; HJORTHs BADEHOTEL\",\"isPartOf\":{\"@id\":\"https:\\\/\\\/hjorthsbadehotel.dk\\\/#website\"},\"primaryImageOfPage\":{\"@id\":\"https:\\\/\\\/hjorthsbadehotel.dk\\\/en\\\/hjorths-restaurant\\\/#primaryimage\"},\"image\":{\"@id\":\"https:\\\/\\\/hjorthsbadehotel.dk\\\/en\\\/hjorths-restaurant\\\/#primaryimage\"},\"thumbnailUrl\":\"https:\\\/\\\/hjorthsbadehotel.dk\\\/wp-content\\\/uploads\\\/2025\\\/01\\\/dsc6892.jpg\",\"datePublished\":\"2022-04-06T07:51:58+00:00\",\"dateModified\":\"2025-08-26T06:48:42+00:00\",\"description\":\"S\u00f8ger du et godt spisested i Nordjylland? Nyd et sk\u00f8nt m\u00e5ltid s\u00e6son-aktuelle r\u00e5varer i vores restaurant i Skagen. Bestil et bord.\",\"breadcrumb\":{\"@id\":\"https:\\\/\\\/hjorthsbadehotel.dk\\\/en\\\/hjorths-restaurant\\\/#breadcrumb\"},\"inLanguage\":\"en-US\",\"potentialAction\":[{\"@type\":\"ReadAction\",\"target\":[\"https:\\\/\\\/hjorthsbadehotel.dk\\\/en\\\/hjorths-restaurant\\\/\"]}]},{\"@type\":\"ImageObject\",\"inLanguage\":\"en-US\",\"@id\":\"https:\\\/\\\/hjorthsbadehotel.dk\\\/en\\\/hjorths-restaurant\\\/#primaryimage\",\"url\":\"https:\\\/\\\/hjorthsbadehotel.dk\\\/wp-content\\\/uploads\\\/2025\\\/01\\\/dsc6892.jpg\",\"contentUrl\":\"https:\\\/\\\/hjorthsbadehotel.dk\\\/wp-content\\\/uploads\\\/2025\\\/01\\\/dsc6892.jpg\",\"width\":2048,\"height\":1365},{\"@type\":\"BreadcrumbList\",\"@id\":\"https:\\\/\\\/hjorthsbadehotel.dk\\\/en\\\/hjorths-restaurant\\\/#breadcrumb\",\"itemListElement\":[{\"@type\":\"ListItem\",\"position\":1,\"name\":\"Hjem\",\"item\":\"https:\\\/\\\/hjorthsbadehotel.dk\\\/en\\\/\"},{\"@type\":\"ListItem\",\"position\":2,\"name\":\"HJORTHs Restaurant in Skagen, Nordjylland\"}]},{\"@type\":\"WebSite\",\"@id\":\"https:\\\/\\\/hjorthsbadehotel.dk\\\/#website\",\"url\":\"https:\\\/\\\/hjorthsbadehotel.dk\\\/\",\"name\":\"HJORTHs BADEHOTEL\",\"description\":\"SEO\",\"publisher\":{\"@id\":\"https:\\\/\\\/hjorthsbadehotel.dk\\\/#organization\"},\"potentialAction\":[{\"@type\":\"SearchAction\",\"target\":{\"@type\":\"EntryPoint\",\"urlTemplate\":\"https:\\\/\\\/hjorthsbadehotel.dk\\\/?s={search_term_string}\"},\"query-input\":{\"@type\":\"PropertyValueSpecification\",\"valueRequired\":true,\"valueName\":\"search_term_string\"}}],\"inLanguage\":\"en-US\"},{\"@type\":\"Organization\",\"@id\":\"https:\\\/\\\/hjorthsbadehotel.dk\\\/#organization\",\"name\":\"HJORTHs BADEHOTEL\",\"url\":\"https:\\\/\\\/hjorthsbadehotel.dk\\\/\",\"logo\":{\"@type\":\"ImageObject\",\"inLanguage\":\"en-US\",\"@id\":\"https:\\\/\\\/hjorthsbadehotel.dk\\\/#\\\/schema\\\/logo\\\/image\\\/\",\"url\":\"https:\\\/\\\/hjorthsbadehotel.dk\\\/wp-content\\\/uploads\\\/2022\\\/04\\\/hjorths-logo.svg\",\"contentUrl\":\"https:\\\/\\\/hjorthsbadehotel.dk\\\/wp-content\\\/uploads\\\/2022\\\/04\\\/hjorths-logo.svg\",\"width\":277,\"height\":37,\"caption\":\"HJORTHs BADEHOTEL\"},\"image\":{\"@id\":\"https:\\\/\\\/hjorthsbadehotel.dk\\\/#\\\/schema\\\/logo\\\/image\\\/\"}}]}<\/script>\n<!-- \/ Yoast SEO plugin. -->","yoast_head_json":{"title":"Restaurant in Skagen, Nordjylland &#183; HJORTHs BADEHOTEL","description":"S\u00f8ger du et godt spisested i Nordjylland? Nyd et sk\u00f8nt m\u00e5ltid s\u00e6son-aktuelle r\u00e5varer i vores restaurant i Skagen. Bestil et bord.","robots":{"index":"index","follow":"follow","max-snippet":"max-snippet:-1","max-image-preview":"max-image-preview:large","max-video-preview":"max-video-preview:-1"},"canonical":"https:\/\/hjorthsbadehotel.dk\/en\/hjorths-restaurant\/","og_locale":"en_US","og_type":"article","og_title":"Restaurant in Skagen, Nordjylland &#183; HJORTHs BADEHOTEL","og_description":"S\u00f8ger du et godt spisested i Nordjylland? Nyd et sk\u00f8nt m\u00e5ltid s\u00e6son-aktuelle r\u00e5varer i vores restaurant i Skagen. Bestil et bord.","og_url":"https:\/\/hjorthsbadehotel.dk\/en\/hjorths-restaurant\/","og_site_name":"HJORTHs BADEHOTEL","article_modified_time":"2025-08-26T06:48:42+00:00","og_image":[{"width":2048,"height":1365,"url":"https:\/\/hjorthsbadehotel.dk\/wp-content\/uploads\/2025\/01\/dsc6892.jpg","type":"image\/jpeg"}],"twitter_card":"summary_large_image","twitter_misc":{"Est. reading time":"2 minutes"},"schema":{"@context":"https:\/\/schema.org","@graph":[{"@type":"WebPage","@id":"https:\/\/hjorthsbadehotel.dk\/en\/hjorths-restaurant\/","url":"https:\/\/hjorthsbadehotel.dk\/en\/hjorths-restaurant\/","name":"Restaurant in Skagen, Nordjylland &#183; HJORTHs BADEHOTEL","isPartOf":{"@id":"https:\/\/hjorthsbadehotel.dk\/#website"},"primaryImageOfPage":{"@id":"https:\/\/hjorthsbadehotel.dk\/en\/hjorths-restaurant\/#primaryimage"},"image":{"@id":"https:\/\/hjorthsbadehotel.dk\/en\/hjorths-restaurant\/#primaryimage"},"thumbnailUrl":"https:\/\/hjorthsbadehotel.dk\/wp-content\/uploads\/2025\/01\/dsc6892.jpg","datePublished":"2022-04-06T07:51:58+00:00","dateModified":"2025-08-26T06:48:42+00:00","description":"S\u00f8ger du et godt spisested i Nordjylland? Nyd et sk\u00f8nt m\u00e5ltid s\u00e6son-aktuelle r\u00e5varer i vores restaurant i Skagen. Bestil et bord.","breadcrumb":{"@id":"https:\/\/hjorthsbadehotel.dk\/en\/hjorths-restaurant\/#breadcrumb"},"inLanguage":"en-US","potentialAction":[{"@type":"ReadAction","target":["https:\/\/hjorthsbadehotel.dk\/en\/hjorths-restaurant\/"]}]},{"@type":"ImageObject","inLanguage":"en-US","@id":"https:\/\/hjorthsbadehotel.dk\/en\/hjorths-restaurant\/#primaryimage","url":"https:\/\/hjorthsbadehotel.dk\/wp-content\/uploads\/2025\/01\/dsc6892.jpg","contentUrl":"https:\/\/hjorthsbadehotel.dk\/wp-content\/uploads\/2025\/01\/dsc6892.jpg","width":2048,"height":1365},{"@type":"BreadcrumbList","@id":"https:\/\/hjorthsbadehotel.dk\/en\/hjorths-restaurant\/#breadcrumb","itemListElement":[{"@type":"ListItem","position":1,"name":"Hjem","item":"https:\/\/hjorthsbadehotel.dk\/en\/"},{"@type":"ListItem","position":2,"name":"HJORTHs Restaurant in Skagen, Nordjylland"}]},{"@type":"WebSite","@id":"https:\/\/hjorthsbadehotel.dk\/#website","url":"https:\/\/hjorthsbadehotel.dk\/","name":"HJORTHs BADEHOTEL","description":"SEO","publisher":{"@id":"https:\/\/hjorthsbadehotel.dk\/#organization"},"potentialAction":[{"@type":"SearchAction","target":{"@type":"EntryPoint","urlTemplate":"https:\/\/hjorthsbadehotel.dk\/?s={search_term_string}"},"query-input":{"@type":"PropertyValueSpecification","valueRequired":true,"valueName":"search_term_string"}}],"inLanguage":"en-US"},{"@type":"Organization","@id":"https:\/\/hjorthsbadehotel.dk\/#organization","name":"HJORTHs BADEHOTEL","url":"https:\/\/hjorthsbadehotel.dk\/","logo":{"@type":"ImageObject","inLanguage":"en-US","@id":"https:\/\/hjorthsbadehotel.dk\/#\/schema\/logo\/image\/","url":"https:\/\/hjorthsbadehotel.dk\/wp-content\/uploads\/2022\/04\/hjorths-logo.svg","contentUrl":"https:\/\/hjorthsbadehotel.dk\/wp-content\/uploads\/2022\/04\/hjorths-logo.svg","width":277,"height":37,"caption":"HJORTHs BADEHOTEL"},"image":{"@id":"https:\/\/hjorthsbadehotel.dk\/#\/schema\/logo\/image\/"}}]}},"_links":{"self":[{"href":"https:\/\/hjorthsbadehotel.dk\/en\/wp-json\/wp\/v2\/pages\/3981","targetHints":{"allow":["GET"]}}],"collection":[{"href":"https:\/\/hjorthsbadehotel.dk\/en\/wp-json\/wp\/v2\/pages"}],"about":[{"href":"https:\/\/hjorthsbadehotel.dk\/en\/wp-json\/wp\/v2\/types\/page"}],"author":[{"embeddable":true,"href":"https:\/\/hjorthsbadehotel.dk\/en\/wp-json\/wp\/v2\/users\/1"}],"replies":[{"embeddable":true,"href":"https:\/\/hjorthsbadehotel.dk\/en\/wp-json\/wp\/v2\/comments?post=3981"}],"version-history":[{"count":12,"href":"https:\/\/hjorthsbadehotel.dk\/en\/wp-json\/wp\/v2\/pages\/3981\/revisions"}],"predecessor-version":[{"id":6098,"href":"https:\/\/hjorthsbadehotel.dk\/en\/wp-json\/wp\/v2\/pages\/3981\/revisions\/6098"}],"wp:featuredmedia":[{"embeddable":true,"href":"https:\/\/hjorthsbadehotel.dk\/en\/wp-json\/wp\/v2\/media\/5647"}],"wp:attachment":[{"href":"https:\/\/hjorthsbadehotel.dk\/en\/wp-json\/wp\/v2\/media?parent=3981"}],"wp:term":[{"taxonomy":"category","embeddable":true,"href":"https:\/\/hjorthsbadehotel.dk\/en\/wp-json\/wp\/v2\/categories?post=3981"}],"curies":[{"name":"wp","href":"https:\/\/api.w.org\/{rel}","templated":true}]}}