{"id":3977,"date":"2025-01-01T14:00:13","date_gmt":"2025-01-01T13:00:13","guid":{"rendered":"https:\/\/hjorthsbadehotel.dk\/stay-at-seaside-hotel-in-kandestederne-2023\/"},"modified":"2025-11-10T09:32:53","modified_gmt":"2025-11-10T08:32:53","slug":"stay-at-seaside-hotel-in-kandestederne-2023","status":"publish","type":"page","link":"https:\/\/hjorthsbadehotel.dk\/en\/stays-at-hjorths-badehotel\/stay-at-seaside-hotel-in-kandestederne-2023\/","title":{"rendered":"Presence, immersion and community"},"content":{"rendered":"<div class=\"wpb-content-wrapper\"><p>[vc_row full_width=&#8221;stretch_row&#8221; el_class=&#8221;narrow&#8221;][vc_column][vc_empty_space height=&#8221;80px&#8221;][vc_column_text]<\/p>\n<h2 style=\"text-align: center;\">N\u00e6rv\u00e6r, fordybelse og f\u00e6llesskab<\/h2>\n<p>[\/vc_column_text][vc_empty_space height=&#8221;60px&#8221;][vc_separator color=&#8221;custom&#8221; el_width=&#8221;50&#8243; accent_color=&#8221;#004052&#8243;][vc_empty_space height=&#8221;80px&#8221;][vc_column_text css=&#8221;&#8221;]<strong>Badehotelsophold i Kandestederne<\/strong><\/p>\n<p>Naturen har beriget os med den sk\u00f8nneste beliggenhed, som g\u00f8r det muligt at tage roen helt ind \u2013\u00a0uden un\u00f8dige forstyrrelser fra trafiklarm og kunstig gadebelysning. Vi befinder os lige midt i klitterne, ikke langt fra Vesterhavets brusen.<\/p>\n<p>Vi s\u00e6tter n\u00e6rv\u00e6r, fordybelse og f\u00e6llesskab h\u00f8jt og derfor har vi valgt, at alle spiser p\u00e5 samme tid nemlig 18.00. Sidst p\u00e5 eftermiddagen kan der k\u00f8bes dagens cocktail i opholdsstuen eller p\u00e5 terrassen, hvis vejret tillader dette og n\u00e5r middagsklokken lyder, g\u00e5r alle i restauranten for at forts\u00e6tte det hyggelige samv\u00e6r.<\/p>\n<p>Ligesom p\u00e5 resten af HJORTHs Badehotel, tager k\u00f8kkenet udgangspunkt i den nordjyske natur, omgivelserne og vores sk\u00f8nne danske r\u00f8dder. Vi nyfortolker de klassiske danske retter og giver dem vores eget pr\u00e6g, med de allerbedste lokale og s\u00e6sonaktuelle r\u00e5varer, med fokus p\u00e5 \u00f8kologi, b\u00e6redygtighed og dyrevelf\u00e6rd.<\/p>\n<p>Vi \u00f8nsker at give vores g\u00e6ster et frirum, hvor dagligdag og stress ikke eksisterer \u2013 der skal v\u00e6re plads til at finde de indre v\u00e6rdier frem. Derfor vil der ofte som en del af opholdet blive tilbudt yoga i vores sal med udsigt til smukke klitlandskab.<\/p>\n<p>Smag p\u00e5 naturen, roen, fordybelsen og r\u00e5varerne. Tag energien fra omgivelserne med hjem og lad dine indre v\u00e6rdier komme til sin ret.[\/vc_column_text][\/vc_column][\/vc_row][vc_row][vc_column width=&#8221;1\/4&#8243;][\/vc_column][vc_column width=&#8221;1\/4&#8243;][vc_empty_space height=&#8221;20px&#8221;][vc_btn title=&#8221;Book maj&#8221; style=&#8221;custom&#8221; custom_background=&#8221;#004052&#8243; custom_text=&#8221;#ffffff&#8221; shape=&#8221;square&#8221; size=&#8221;sm&#8221; align=&#8221;center&#8221; link=&#8221;url:https%3A%2F%2Fbooking.octopuspms.com%2FRoomBook%3Fhid%3D417%26templateUid%3Deac06807-6ba2-4a34-a025-8857e4f06068%26lang%3Dda|title:Book%20maj|target:_blank|&#8221;][vc_empty_space height=&#8221;70px&#8221;][\/vc_column][vc_column width=&#8221;1\/4&#8243;][vc_empty_space height=&#8221;20px&#8221;][vc_btn title=&#8221;Book juni-august&#8221; style=&#8221;custom&#8221; custom_background=&#8221;#004052&#8243; custom_text=&#8221;#ffffff&#8221; shape=&#8221;square&#8221; size=&#8221;sm&#8221; align=&#8221;center&#8221; link=&#8221;url:https%3A%2F%2Fbooking.octopuspms.com%2FRoomBook%3Fhid%3D417%26templateUid%3D18a6af90-9bee-42e3-895f-b8a72c36f7df%26lang%3Dda|title:Book%20juni%20-%20august|target:_blank|&#8221;][vc_empty_space height=&#8221;20px&#8221;][\/vc_column][vc_column width=&#8221;1\/4&#8243;][\/vc_column][\/vc_row][vc_row full_width=&#8221;stretch_row&#8221; css=&#8221;.vc_custom_1649334984585{margin-right: 0px !important;margin-left: 0px !important;}&#8221;][vc_column css=&#8221;.vc_custom_1649335317011{background-color: #f9f6f1 !important;}&#8221; el_class=&#8221;blockquote-wrap&#8221;][vc_column_text]<\/p>\n<h3 style=\"text-align: center;\"><strong>Seaside resort stay<\/strong><\/h3>\n<p>[\/vc_column_text][vc_empty_space height=&#8221;20px&#8221;][vc_column_text css=&#8221;&#8221;]<\/p>\n<blockquote><p>Ankomst og check-in kl. 15.00.<\/p>\n<p>Kl. 18.00 ringes der ind til 3 retters menu i vores autentiske restaurant, aftenen starter med 4 snacks i to serveringer.<\/p>\n<p>Aftenskaffe\/te ledsaget af lidt s\u00f8dt i opholdstuen.<\/p>\n<p>Kan bookes fra maj til august.<\/p>\n<p>Pris pr. person pr. dag i delt dobbeltv\u00e6relse fra 1.250,-.<\/p>\n<p>Du bestemmer selvf\u00f8lgelig selv selv, om man har lyst til at blive flere dage &#8211; vi h\u00e5ber!<\/p><\/blockquote>\n<p>[\/vc_column_text][vc_empty_space height=&#8221;50px&#8221;][\/vc_column][\/vc_row][vc_row full_width=&#8221;stretch_row&#8221;][vc_column][vc_empty_space height=&#8221;140px&#8221;][vc_basic_grid post_type=&#8221;page&#8221; max_items=&#8221;-1&#8243; gap=&#8221;25&#8243; item=&#8221;3893&#8243; grid_id=&#8221;vc_gid:1749658797100-1d7bebe8-2f6e-2&#8243; taxonomies=&#8221;28&#8243; exclude=&#8221;4526, 4252&#8243;][vc_empty_space height=&#8221;60px&#8221;][\/vc_column][\/vc_row]<\/p>\n<\/div>","protected":false},"excerpt":{"rendered":"<p>Seaside resort stay at Kandestederne 2023 with a monthly menu<\/p>\n","protected":false},"author":1,"featured_media":3915,"parent":3994,"menu_order":16,"comment_status":"closed","ping_status":"closed","template":"","meta":{"_acf_changed":false,"footnotes":""},"categories":[47,43,29],"class_list":{"0":"post-3977","1":"page","2":"type-page","3":"status-publish","4":"has-post-thumbnail","6":"category-forside-fokusbox-en","7":"category-news-events-en","8":"category-stay"},"acf":[],"yoast_head":"<!-- This site is optimized with the Yoast SEO plugin v27.4 - https:\/\/yoast.com\/product\/yoast-seo-wordpress\/ -->\n<title>Presence, immersion and community &#183; HJORTHs BADEHOTEL<\/title>\n<meta name=\"robots\" content=\"index, follow, max-snippet:-1, max-image-preview:large, max-video-preview:-1\" \/>\n<link rel=\"canonical\" href=\"https:\/\/hjorthsbadehotel.dk\/en\/stays-at-hjorths-badehotel\/stay-at-seaside-hotel-in-kandestederne-2023\/\" \/>\n<meta property=\"og:locale\" content=\"en_US\" \/>\n<meta property=\"og:type\" content=\"article\" \/>\n<meta property=\"og:title\" content=\"Presence, immersion and community &#183; HJORTHs BADEHOTEL\" \/>\n<meta property=\"og:description\" content=\"Seaside resort stay at Kandestederne 2023 with a monthly menu\" \/>\n<meta property=\"og:url\" content=\"https:\/\/hjorthsbadehotel.dk\/en\/stays-at-hjorths-badehotel\/stay-at-seaside-hotel-in-kandestederne-2023\/\" \/>\n<meta property=\"og:site_name\" content=\"HJORTHs BADEHOTEL\" \/>\n<meta property=\"article:modified_time\" content=\"2025-11-10T08:32:53+00:00\" \/>\n<meta property=\"og:image\" content=\"https:\/\/hjorthsbadehotel.dk\/wp-content\/uploads\/2022\/04\/059a3083-1-1280x853-1.jpeg\" \/>\n\t<meta property=\"og:image:width\" content=\"1280\" \/>\n\t<meta property=\"og:image:height\" content=\"853\" \/>\n\t<meta property=\"og:image:type\" content=\"image\/jpeg\" \/>\n<meta name=\"twitter:card\" content=\"summary_large_image\" \/>\n<meta name=\"twitter:label1\" content=\"Est. reading time\" \/>\n\t<meta name=\"twitter:data1\" content=\"2 minutes\" \/>\n<script type=\"application\/ld+json\" class=\"yoast-schema-graph\">{\"@context\":\"https:\\\/\\\/schema.org\",\"@graph\":[{\"@type\":\"WebPage\",\"@id\":\"https:\\\/\\\/hjorthsbadehotel.dk\\\/en\\\/stays-at-hjorths-badehotel\\\/stay-at-seaside-hotel-in-kandestederne-2023\\\/\",\"url\":\"https:\\\/\\\/hjorthsbadehotel.dk\\\/en\\\/stays-at-hjorths-badehotel\\\/stay-at-seaside-hotel-in-kandestederne-2023\\\/\",\"name\":\"Presence, immersion and community &#183; HJORTHs BADEHOTEL\",\"isPartOf\":{\"@id\":\"https:\\\/\\\/hjorthsbadehotel.dk\\\/#website\"},\"primaryImageOfPage\":{\"@id\":\"https:\\\/\\\/hjorthsbadehotel.dk\\\/en\\\/stays-at-hjorths-badehotel\\\/stay-at-seaside-hotel-in-kandestederne-2023\\\/#primaryimage\"},\"image\":{\"@id\":\"https:\\\/\\\/hjorthsbadehotel.dk\\\/en\\\/stays-at-hjorths-badehotel\\\/stay-at-seaside-hotel-in-kandestederne-2023\\\/#primaryimage\"},\"thumbnailUrl\":\"https:\\\/\\\/hjorthsbadehotel.dk\\\/wp-content\\\/uploads\\\/2022\\\/04\\\/059a3083-1-1280x853-1.jpeg\",\"datePublished\":\"2025-01-01T13:00:13+00:00\",\"dateModified\":\"2025-11-10T08:32:53+00:00\",\"breadcrumb\":{\"@id\":\"https:\\\/\\\/hjorthsbadehotel.dk\\\/en\\\/stays-at-hjorths-badehotel\\\/stay-at-seaside-hotel-in-kandestederne-2023\\\/#breadcrumb\"},\"inLanguage\":\"en-US\",\"potentialAction\":[{\"@type\":\"ReadAction\",\"target\":[\"https:\\\/\\\/hjorthsbadehotel.dk\\\/en\\\/stays-at-hjorths-badehotel\\\/stay-at-seaside-hotel-in-kandestederne-2023\\\/\"]}]},{\"@type\":\"ImageObject\",\"inLanguage\":\"en-US\",\"@id\":\"https:\\\/\\\/hjorthsbadehotel.dk\\\/en\\\/stays-at-hjorths-badehotel\\\/stay-at-seaside-hotel-in-kandestederne-2023\\\/#primaryimage\",\"url\":\"https:\\\/\\\/hjorthsbadehotel.dk\\\/wp-content\\\/uploads\\\/2022\\\/04\\\/059a3083-1-1280x853-1.jpeg\",\"contentUrl\":\"https:\\\/\\\/hjorthsbadehotel.dk\\\/wp-content\\\/uploads\\\/2022\\\/04\\\/059a3083-1-1280x853-1.jpeg\",\"width\":1280,\"height\":853,\"caption\":\"Overnatning med morgenmad i idylliske omgivelser i Nordjylland\"},{\"@type\":\"BreadcrumbList\",\"@id\":\"https:\\\/\\\/hjorthsbadehotel.dk\\\/en\\\/stays-at-hjorths-badehotel\\\/stay-at-seaside-hotel-in-kandestederne-2023\\\/#breadcrumb\",\"itemListElement\":[{\"@type\":\"ListItem\",\"position\":1,\"name\":\"Hjem\",\"item\":\"https:\\\/\\\/hjorthsbadehotel.dk\\\/en\\\/\"},{\"@type\":\"ListItem\",\"position\":2,\"name\":\"Stays at HJORTHs Badehotel\",\"item\":\"https:\\\/\\\/hjorthsbadehotel.dk\\\/en\\\/stays-at-hjorths-badehotel\\\/\"},{\"@type\":\"ListItem\",\"position\":3,\"name\":\"Presence, immersion and community\"}]},{\"@type\":\"WebSite\",\"@id\":\"https:\\\/\\\/hjorthsbadehotel.dk\\\/#website\",\"url\":\"https:\\\/\\\/hjorthsbadehotel.dk\\\/\",\"name\":\"HJORTHs BADEHOTEL\",\"description\":\"SEO\",\"publisher\":{\"@id\":\"https:\\\/\\\/hjorthsbadehotel.dk\\\/#organization\"},\"potentialAction\":[{\"@type\":\"SearchAction\",\"target\":{\"@type\":\"EntryPoint\",\"urlTemplate\":\"https:\\\/\\\/hjorthsbadehotel.dk\\\/?s={search_term_string}\"},\"query-input\":{\"@type\":\"PropertyValueSpecification\",\"valueRequired\":true,\"valueName\":\"search_term_string\"}}],\"inLanguage\":\"en-US\"},{\"@type\":\"Organization\",\"@id\":\"https:\\\/\\\/hjorthsbadehotel.dk\\\/#organization\",\"name\":\"HJORTHs BADEHOTEL\",\"url\":\"https:\\\/\\\/hjorthsbadehotel.dk\\\/\",\"logo\":{\"@type\":\"ImageObject\",\"inLanguage\":\"en-US\",\"@id\":\"https:\\\/\\\/hjorthsbadehotel.dk\\\/#\\\/schema\\\/logo\\\/image\\\/\",\"url\":\"https:\\\/\\\/hjorthsbadehotel.dk\\\/wp-content\\\/uploads\\\/2022\\\/04\\\/hjorths-logo.svg\",\"contentUrl\":\"https:\\\/\\\/hjorthsbadehotel.dk\\\/wp-content\\\/uploads\\\/2022\\\/04\\\/hjorths-logo.svg\",\"width\":277,\"height\":37,\"caption\":\"HJORTHs BADEHOTEL\"},\"image\":{\"@id\":\"https:\\\/\\\/hjorthsbadehotel.dk\\\/#\\\/schema\\\/logo\\\/image\\\/\"}}]}<\/script>\n<!-- \/ Yoast SEO plugin. -->","yoast_head_json":{"title":"Presence, immersion and community &#183; HJORTHs BADEHOTEL","robots":{"index":"index","follow":"follow","max-snippet":"max-snippet:-1","max-image-preview":"max-image-preview:large","max-video-preview":"max-video-preview:-1"},"canonical":"https:\/\/hjorthsbadehotel.dk\/en\/stays-at-hjorths-badehotel\/stay-at-seaside-hotel-in-kandestederne-2023\/","og_locale":"en_US","og_type":"article","og_title":"Presence, immersion and community &#183; HJORTHs BADEHOTEL","og_description":"Seaside resort stay at Kandestederne 2023 with a monthly menu","og_url":"https:\/\/hjorthsbadehotel.dk\/en\/stays-at-hjorths-badehotel\/stay-at-seaside-hotel-in-kandestederne-2023\/","og_site_name":"HJORTHs BADEHOTEL","article_modified_time":"2025-11-10T08:32:53+00:00","og_image":[{"width":1280,"height":853,"url":"https:\/\/hjorthsbadehotel.dk\/wp-content\/uploads\/2022\/04\/059a3083-1-1280x853-1.jpeg","type":"image\/jpeg"}],"twitter_card":"summary_large_image","twitter_misc":{"Est. reading time":"2 minutes"},"schema":{"@context":"https:\/\/schema.org","@graph":[{"@type":"WebPage","@id":"https:\/\/hjorthsbadehotel.dk\/en\/stays-at-hjorths-badehotel\/stay-at-seaside-hotel-in-kandestederne-2023\/","url":"https:\/\/hjorthsbadehotel.dk\/en\/stays-at-hjorths-badehotel\/stay-at-seaside-hotel-in-kandestederne-2023\/","name":"Presence, immersion and community &#183; HJORTHs BADEHOTEL","isPartOf":{"@id":"https:\/\/hjorthsbadehotel.dk\/#website"},"primaryImageOfPage":{"@id":"https:\/\/hjorthsbadehotel.dk\/en\/stays-at-hjorths-badehotel\/stay-at-seaside-hotel-in-kandestederne-2023\/#primaryimage"},"image":{"@id":"https:\/\/hjorthsbadehotel.dk\/en\/stays-at-hjorths-badehotel\/stay-at-seaside-hotel-in-kandestederne-2023\/#primaryimage"},"thumbnailUrl":"https:\/\/hjorthsbadehotel.dk\/wp-content\/uploads\/2022\/04\/059a3083-1-1280x853-1.jpeg","datePublished":"2025-01-01T13:00:13+00:00","dateModified":"2025-11-10T08:32:53+00:00","breadcrumb":{"@id":"https:\/\/hjorthsbadehotel.dk\/en\/stays-at-hjorths-badehotel\/stay-at-seaside-hotel-in-kandestederne-2023\/#breadcrumb"},"inLanguage":"en-US","potentialAction":[{"@type":"ReadAction","target":["https:\/\/hjorthsbadehotel.dk\/en\/stays-at-hjorths-badehotel\/stay-at-seaside-hotel-in-kandestederne-2023\/"]}]},{"@type":"ImageObject","inLanguage":"en-US","@id":"https:\/\/hjorthsbadehotel.dk\/en\/stays-at-hjorths-badehotel\/stay-at-seaside-hotel-in-kandestederne-2023\/#primaryimage","url":"https:\/\/hjorthsbadehotel.dk\/wp-content\/uploads\/2022\/04\/059a3083-1-1280x853-1.jpeg","contentUrl":"https:\/\/hjorthsbadehotel.dk\/wp-content\/uploads\/2022\/04\/059a3083-1-1280x853-1.jpeg","width":1280,"height":853,"caption":"Overnatning med morgenmad i idylliske omgivelser i Nordjylland"},{"@type":"BreadcrumbList","@id":"https:\/\/hjorthsbadehotel.dk\/en\/stays-at-hjorths-badehotel\/stay-at-seaside-hotel-in-kandestederne-2023\/#breadcrumb","itemListElement":[{"@type":"ListItem","position":1,"name":"Hjem","item":"https:\/\/hjorthsbadehotel.dk\/en\/"},{"@type":"ListItem","position":2,"name":"Stays at HJORTHs Badehotel","item":"https:\/\/hjorthsbadehotel.dk\/en\/stays-at-hjorths-badehotel\/"},{"@type":"ListItem","position":3,"name":"Presence, immersion and community"}]},{"@type":"WebSite","@id":"https:\/\/hjorthsbadehotel.dk\/#website","url":"https:\/\/hjorthsbadehotel.dk\/","name":"HJORTHs BADEHOTEL","description":"SEO","publisher":{"@id":"https:\/\/hjorthsbadehotel.dk\/#organization"},"potentialAction":[{"@type":"SearchAction","target":{"@type":"EntryPoint","urlTemplate":"https:\/\/hjorthsbadehotel.dk\/?s={search_term_string}"},"query-input":{"@type":"PropertyValueSpecification","valueRequired":true,"valueName":"search_term_string"}}],"inLanguage":"en-US"},{"@type":"Organization","@id":"https:\/\/hjorthsbadehotel.dk\/#organization","name":"HJORTHs BADEHOTEL","url":"https:\/\/hjorthsbadehotel.dk\/","logo":{"@type":"ImageObject","inLanguage":"en-US","@id":"https:\/\/hjorthsbadehotel.dk\/#\/schema\/logo\/image\/","url":"https:\/\/hjorthsbadehotel.dk\/wp-content\/uploads\/2022\/04\/hjorths-logo.svg","contentUrl":"https:\/\/hjorthsbadehotel.dk\/wp-content\/uploads\/2022\/04\/hjorths-logo.svg","width":277,"height":37,"caption":"HJORTHs BADEHOTEL"},"image":{"@id":"https:\/\/hjorthsbadehotel.dk\/#\/schema\/logo\/image\/"}}]}},"_links":{"self":[{"href":"https:\/\/hjorthsbadehotel.dk\/en\/wp-json\/wp\/v2\/pages\/3977","targetHints":{"allow":["GET"]}}],"collection":[{"href":"https:\/\/hjorthsbadehotel.dk\/en\/wp-json\/wp\/v2\/pages"}],"about":[{"href":"https:\/\/hjorthsbadehotel.dk\/en\/wp-json\/wp\/v2\/types\/page"}],"author":[{"embeddable":true,"href":"https:\/\/hjorthsbadehotel.dk\/en\/wp-json\/wp\/v2\/users\/1"}],"replies":[{"embeddable":true,"href":"https:\/\/hjorthsbadehotel.dk\/en\/wp-json\/wp\/v2\/comments?post=3977"}],"version-history":[{"count":18,"href":"https:\/\/hjorthsbadehotel.dk\/en\/wp-json\/wp\/v2\/pages\/3977\/revisions"}],"predecessor-version":[{"id":6221,"href":"https:\/\/hjorthsbadehotel.dk\/en\/wp-json\/wp\/v2\/pages\/3977\/revisions\/6221"}],"up":[{"embeddable":true,"href":"https:\/\/hjorthsbadehotel.dk\/en\/wp-json\/wp\/v2\/pages\/3994"}],"wp:featuredmedia":[{"embeddable":true,"href":"https:\/\/hjorthsbadehotel.dk\/en\/wp-json\/wp\/v2\/media\/3915"}],"wp:attachment":[{"href":"https:\/\/hjorthsbadehotel.dk\/en\/wp-json\/wp\/v2\/media?parent=3977"}],"wp:term":[{"taxonomy":"category","embeddable":true,"href":"https:\/\/hjorthsbadehotel.dk\/en\/wp-json\/wp\/v2\/categories?post=3977"}],"curies":[{"name":"wp","href":"https:\/\/api.w.org\/{rel}","templated":true}]}}